{"id":2,"date":"2021-11-16T20:14:15","date_gmt":"2021-11-16T20:14:15","guid":{"rendered":"https:\/\/www.auszeit-meyer.de\/?page_id=2"},"modified":"2023-09-06T06:59:37","modified_gmt":"2023-09-06T06:59:37","slug":"auszeitabend","status":"publish","type":"page","link":"https:\/\/www.auszeit-meyer.de\/index.php\/auszeitabend\/","title":{"rendered":"Auszeit-Abend"},"content":{"rendered":"\n<p class=\"has-medium-font-size\"><strong>Das Essen kocht \u00fcber, die Wohnung sieht schon wieder chaotisch aus, obwohl du doch gestern erst aufger\u00e4umt hast. Dann springt das Auto nicht an und der Chef meckert, weil du zu sp\u00e4t kommst.<\/strong><\/p>\n\n\n\n<p class=\"has-medium-font-size\">Stress und Hektik bestimmen unseren Alltag, Ruhe und Entspannung kommen oft zu kurz.<\/p>\n\n\n\n<p class=\"has-medium-font-size\">Dabei reichen oft schon kleine Auszeiten mitten im Chaos um zu entspannen und neue Kraft zu tanken.<\/p>\n\n\n\n<p class=\"has-medium-font-size\">Bei einem Auszeit-Abend werden wir in einer kleinen Gruppe gemeinsam kleine Wellnessanwendungen machen, die unkompliziert und ohne gro\u00dfen Aufwand zu Hause durchgef\u00fchrt werden k\u00f6nnen.<\/p>\n\n\n\n<p class=\"has-medium-font-size\">Alle Anwendungen beinhalten \u00e4therische \u00d6le oder Produkte, die \u00e4therische \u00d6le enthalten.<\/p>\n\n\n\n<p class=\"has-medium-font-size\">Denn die kraftwolle Wirkung der \u00d6le unterst\u00fctzen die Entspannung und duften zugleich herrlich.<\/p>\n\n\n\n<div class=\"wp-block-columns is-layout-flex wp-container-core-columns-layout-1 wp-block-columns-is-layout-flex\">\n<div class=\"wp-block-column is-layout-flow wp-block-column-is-layout-flow\" style=\"flex-basis:50%\"><div class=\"wp-block-image\">\n<figure class=\"aligncenter size-large is-resized\"><img decoding=\"async\" src=\"https:\/\/www.auszeit-meyer.de\/wp-content\/uploads\/2022\/02\/woman-3600521_1280-edited.jpg\" alt=\"\" class=\"wp-image-399\" style=\"width:255px\" width=\"255\" srcset=\"https:\/\/www.auszeit-meyer.de\/wp-content\/uploads\/2022\/02\/woman-3600521_1280-edited.jpg 853w, https:\/\/www.auszeit-meyer.de\/wp-content\/uploads\/2022\/02\/woman-3600521_1280-edited-300x224.jpg 300w, https:\/\/www.auszeit-meyer.de\/wp-content\/uploads\/2022\/02\/woman-3600521_1280-edited-768x574.jpg 768w\" sizes=\"(max-width: 853px) 100vw, 853px\" \/><\/figure><\/div><\/div>\n\n\n\n<div class=\"wp-block-column is-layout-flow wp-block-column-is-layout-flow\" style=\"flex-basis:50%\">\n<p class=\"has-medium-font-size\">Eine Honigmaske mit Weihrauch-\u00d6l zaubert dir zum Beispiel eine weiche Gesichtshaut. Die Lavendelaugenkompresse g\u00f6nnt deinen Augen eine Auszeit, gerade wenn du viel auf dein Handy oder den PC schaust.<\/p>\n<\/div>\n<\/div>\n\n\n\n<p class=\"has-medium-font-size\">Aber nicht nur dein Gesicht wird verw\u00f6hnt, sondern auch deine H\u00e4nde und F\u00fc\u00dfe kommen in den Genuss einer Wellnessanwendung.\u00a0<\/p>\n\n\n\n<p class=\"has-medium-font-size\">Zus\u00e4tzlich zu den Wellness-Anwendungen wirst du die wunderbare Wirkung von Traumreisen und Meditationen erleben. Nach den 1,5 Stunden Auszeit wirst du vollkommen entspannt nach Hause gehen. <\/p>\n\n\n\n<p class=\"has-medium-font-size\">Jeder Auszeit- Abend ist anders, das bedeutet, dass du immer wiederkommen kannst und trotzdem wirst du jedesmal etwas neues f\u00fcr dich mitnehmen k\u00f6nnen. <\/p>\n\n\n\n<p class=\"has-medium-font-size\">Die Auszeit-Abende finden in der <strong>Yoga Schule Miriam L\u00fctjen in Kuhstedt\/Gnarrenburg und in Zeven in der Physiopraxis MoWa <\/strong>statt. Hier findest du die n\u00e4chsten Termine und kannst dich \u00fcber das Kontaktformular anmelden.<\/p>\n\n\n\n<div class=\"wp-block-buttons is-layout-flex wp-block-buttons-is-layout-flex\">\n<div class=\"wp-block-button\"><a class=\"wp-block-button__link wp-element-button\" href=\"https:\/\/www.auszeit-meyer.de\/index.php\/aktuelle-termine\/\">Auszeit-Abend Termine<\/a><\/div>\n<\/div>\n\n\n\n<div style=\"height:46px\" aria-hidden=\"true\" class=\"wp-block-spacer\"><\/div>\n\n\n\n<hr class=\"wp-block-separator has-alpha-channel-opacity is-style-wide\"\/>\n\n\n\n<div style=\"height:43px\" aria-hidden=\"true\" class=\"wp-block-spacer\"><\/div>\n\n\n\n<p class=\"has-medium-font-size\">Du m\u00f6chtest gerne mit deinen Freundinnen\/Kolleginnen oder der Familie einen au\u00dfergew\u00f6hnlichen Abend verbringen? Dann schreib mir gerne, ich komme auch f\u00fcr einen privaten Auszeit-Abend zu euch nach Hause.<\/p>\n\n\n\n<div class=\"wp-block-buttons is-layout-flex wp-block-buttons-is-layout-flex\">\n<div class=\"wp-block-button\"><a class=\"wp-block-button__link wp-element-button\" href=\"https:\/\/www.auszeit-meyer.de\/index.php\/kontakt\/\">Privater Auszeit-Abend<\/a><\/div>\n<\/div>\n","protected":false},"excerpt":{"rendered":"<p>Das Essen kocht \u00fcber, die Wohnung sieht schon wieder chaotisch aus, obwohl du doch gestern erst aufger\u00e4umt hast. Dann springt&hellip;<\/p>\n","protected":false},"author":2,"featured_media":0,"parent":0,"menu_order":0,"comment_status":"closed","ping_status":"open","template":"","meta":{"footnotes":""},"_links":{"self":[{"href":"https:\/\/www.auszeit-meyer.de\/index.php\/wp-json\/wp\/v2\/pages\/2"}],"collection":[{"href":"https:\/\/www.auszeit-meyer.de\/index.php\/wp-json\/wp\/v2\/pages"}],"about":[{"href":"https:\/\/www.auszeit-meyer.de\/index.php\/wp-json\/wp\/v2\/types\/page"}],"author":[{"embeddable":true,"href":"https:\/\/www.auszeit-meyer.de\/index.php\/wp-json\/wp\/v2\/users\/2"}],"replies":[{"embeddable":true,"href":"https:\/\/www.auszeit-meyer.de\/index.php\/wp-json\/wp\/v2\/comments?post=2"}],"version-history":[{"count":9,"href":"https:\/\/www.auszeit-meyer.de\/index.php\/wp-json\/wp\/v2\/pages\/2\/revisions"}],"predecessor-version":[{"id":801,"href":"https:\/\/www.auszeit-meyer.de\/index.php\/wp-json\/wp\/v2\/pages\/2\/revisions\/801"}],"wp:attachment":[{"href":"https:\/\/www.auszeit-meyer.de\/index.php\/wp-json\/wp\/v2\/media?parent=2"}],"curies":[{"name":"wp","href":"https:\/\/api.w.org\/{rel}","templated":true}]}}