{"id":21,"date":"2021-11-17T21:06:46","date_gmt":"2021-11-17T21:06:46","guid":{"rendered":"https:\/\/www.auszeit-meyer.de\/?page_id=21"},"modified":"2023-09-06T07:28:20","modified_gmt":"2023-09-06T07:28:20","slug":"babymassage-kurs","status":"publish","type":"page","link":"https:\/\/www.auszeit-meyer.de\/index.php\/babymassage-kurs\/","title":{"rendered":"Babymassage-Kurs"},"content":{"rendered":"\n<p class=\"has-medium-font-size\"><strong>Du bist m\u00fcde, kommst kaum zum Duschen und sitzt zwischen Windeln und W\u00e4schebergen? <\/strong><\/p>\n\n\n\n<p class=\"has-medium-font-size\"><strong>Dein neuer Alltag mit deinem Baby ist wundersch\u00f6n, aber gleichzeitig auch herausfordernd und du brauchst eine Abwechslung? <\/strong><\/p>\n\n\n\n<p class=\"has-medium-font-size\"><strong>Du w\u00fcnscht dir einen Raum, um dich mit <strong>anderen M\u00fcttern<\/strong><\/strong> <strong>auszutauschen und in dem du gleichzeitig N\u00e4he zu deinem Baby aufbauen kannst?<\/strong><\/p>\n\n\n\n<p class=\"has-medium-font-size\">Bei einer Babymassage kannst du all diese Bed\u00fcrfnisse miteinander verbinden. Die entspannende Auszeit gemeinsam mit deinem Baby, der Kontakt zu anderen M\u00fcttern und gleichzeitig werden wir \u00fcber unseren neuen Alltag sprechen.<\/p>\n\n\n\n<p class=\"has-medium-font-size\">In meinem Kurs zeige ich dir Massagegriffe, die auf der traditionellen ayurvedische Babymassage nach Fr\u00e9d\u00e9rick Leboyer (1918-2017 Gyn\u00e4kologe und Geburtshelfer) beruhen und weitere bew\u00e4hrte Griffe.<\/p>\n\n\n\n<div class=\"wp-block-columns is-layout-flex wp-container-core-columns-layout-1 wp-block-columns-is-layout-flex\">\n<div class=\"wp-block-column is-layout-flow wp-block-column-is-layout-flow\">\n<p class=\"has-medium-font-size\">Eine regelm\u00e4\u00dfig durchgef\u00fchrte Massage st\u00e4rkt die Bindung zwischen Eltern und Baby. Und nicht nur dein Baby entspannt sich bei den sanften Ber\u00fchrungen, sondern auch Du kannst loslassen und den Stress des Alltags f\u00fcr kurze Zeit hinter dir lassen.<\/p>\n<\/div>\n\n\n\n<div class=\"wp-block-column is-layout-flow wp-block-column-is-layout-flow\">\n<figure class=\"wp-block-image size-large is-resized\"><img decoding=\"async\" src=\"https:\/\/www.auszeit-meyer.de\/wp-content\/uploads\/2022\/06\/father-g8d736bc38_1280-1024x682.jpg\" alt=\"\" class=\"wp-image-497\" style=\"width:312px;height:207px\" width=\"312\" height=\"207\" srcset=\"https:\/\/www.auszeit-meyer.de\/wp-content\/uploads\/2022\/06\/father-g8d736bc38_1280-1024x682.jpg 1024w, https:\/\/www.auszeit-meyer.de\/wp-content\/uploads\/2022\/06\/father-g8d736bc38_1280-300x200.jpg 300w, https:\/\/www.auszeit-meyer.de\/wp-content\/uploads\/2022\/06\/father-g8d736bc38_1280-768x512.jpg 768w, https:\/\/www.auszeit-meyer.de\/wp-content\/uploads\/2022\/06\/father-g8d736bc38_1280.jpg 1280w\" sizes=\"(max-width: 312px) 100vw, 312px\" \/><\/figure>\n<\/div>\n<\/div>\n\n\n\n<p class=\"has-medium-font-size\">Die k\u00f6rperliche N\u00e4he und ein sicheres Bindungsverhalten st\u00e4rken die Resilienz, dies ist die psychische Widerstandskraft deines Babys.<\/p>\n\n\n\n<p class=\"has-medium-font-size\">Mit bestimmten Massagegriffen kannst du auch kleinere Beschwerden wie z.B. Bl\u00e4hungen oder Zahnungsschmerzen sanft unterst\u00fctzen.<\/p>\n\n\n\n<p class=\"has-medium-font-size\">Damit es deinem Baby gut geht ist es wichtig, dass es auch dir gut geht. Deswegen werden wir uns mit kleinen Achtsamkeits- und Entspannungs\u00fcbungen, auch um uns Eltern k\u00fcmmern.<\/p>\n\n\n\n<p class=\"has-medium-font-size\">Jeder Termin in meinem Kurs wird von einem Thema bestimmt um Raum f\u00fcr Austausch und neue Impulse zu geben.<\/p>\n\n\n\n<p class=\"has-medium-font-size\">Feinzeichen erkennen<\/p>\n\n\n\n<p class=\"has-medium-font-size\">Achtsamkeit &amp; Selbstf\u00fcrsorge<\/p>\n\n\n\n<p class=\"has-medium-font-size\">Naturheilkunde<\/p>\n\n\n\n<p class=\"has-medium-font-size\">Beikost\/Stillen<\/p>\n\n\n\n<p class=\"has-medium-font-size\">Damit du und dein Baby diesen Kurs in vollen Z\u00fcgen genie\u00dfen k\u00f6nnt, sollte dein Baby mindestens 6 Wochen und maximal 7 Monate alt sein.<\/p>\n\n\n\n<hr class=\"wp-block-separator has-css-opacity is-style-wide\"\/>\n\n\n\n<p class=\"has-medium-font-size\"><strong>Preise<\/strong>:<\/p>\n\n\n\n<div class=\"wp-block-columns is-layout-flex wp-container-core-columns-layout-2 wp-block-columns-is-layout-flex\">\n<div class=\"wp-block-column is-layout-flow wp-block-column-is-layout-flow\" style=\"flex-basis:25%\">\n<p class=\"has-medium-font-size\">Vor Ort<\/p>\n<\/div>\n\n\n\n<div class=\"wp-block-column is-layout-flow wp-block-column-is-layout-flow\" style=\"flex-basis:50%\">\n<p class=\"has-medium-font-size\">6 Termine \u00e1 60 Minuten max. 6 Personen + Baby<\/p>\n<\/div>\n\n\n\n<div class=\"wp-block-column is-layout-flow wp-block-column-is-layout-flow\" style=\"flex-basis:25%\">\n<p class=\"has-medium-font-size\">96,-\u20ac<\/p>\n<\/div>\n<\/div>\n\n\n\n<div class=\"wp-block-columns is-layout-flex wp-container-core-columns-layout-3 wp-block-columns-is-layout-flex\">\n<div class=\"wp-block-column is-layout-flow wp-block-column-is-layout-flow\" style=\"flex-basis:25%\">\n<p class=\"has-medium-font-size\">online per Zoom<\/p>\n<\/div>\n\n\n\n<div class=\"wp-block-column is-layout-flow wp-block-column-is-layout-flow\" style=\"flex-basis:50%\">\n<p class=\"has-medium-font-size\">4 Termine \u00e1 60 Minuten max. 3 Personen + Baby<\/p>\n<\/div>\n\n\n\n<div class=\"wp-block-column is-layout-flow wp-block-column-is-layout-flow\" style=\"flex-basis:25%\">\n<p class=\"has-medium-font-size\">44,-\u20ac<\/p>\n<\/div>\n<\/div>\n\n\n\n<hr class=\"wp-block-separator has-css-opacity is-style-wide\"\/>\n\n\n\n<div class=\"wp-block-buttons is-layout-flex wp-block-buttons-is-layout-flex\">\n<div class=\"wp-block-button has-custom-width wp-block-button__width-100 has-custom-font-size is-style-outline has-medium-font-size\"><a class=\"wp-block-button__link wp-element-button\" href=\"https:\/\/www.auszeit-meyer.de\/index.php\/aktuelle-termine\/\">Hier siehst du den aktuellen Kurs<\/a><\/div>\n<\/div>\n\n\n\n<div style=\"height:43px\" aria-hidden=\"true\" class=\"wp-block-spacer\"><\/div>\n\n\n\n<p class=\"has-medium-font-size\"><strong>Dein Baby ist \u00e4lter als 7 Monate? Kein Problem! <\/strong><\/p>\n\n\n\n<p class=\"has-medium-font-size\">Es gibt auch die M\u00f6glichkeit 1:1 Termine zu buchen.          <\/p>\n\n\n\n<p class=\"has-medium-font-size\">Mehr Infos findest du auf der Seite 1:1 Baby- &amp; Kindermassage. <\/p>\n\n\n\n<div class=\"wp-block-buttons is-content-justification-center is-layout-flex wp-container-core-buttons-layout-2 wp-block-buttons-is-layout-flex\">\n<div class=\"wp-block-button has-custom-width wp-block-button__width-50 has-custom-font-size is-style-fill has-medium-font-size\"><a class=\"wp-block-button__link wp-element-button\" href=\"https:\/\/www.auszeit-meyer.de\/index.php\/11-baby-kindermassage\/\" rel=\"\">1:1 Baby- &amp; Kindermassage<\/a><\/div>\n<\/div>\n\n\n\n<div class=\"wp-block-columns is-layout-flex wp-container-core-columns-layout-4 wp-block-columns-is-layout-flex\">\n<div class=\"wp-block-column is-layout-flow wp-block-column-is-layout-flow\">\n<figure class=\"wp-block-image size-large\"><img decoding=\"async\" width=\"718\" height=\"1024\" src=\"https:\/\/www.auszeit-meyer.de\/wp-content\/uploads\/2023\/09\/Babymassage-Zertifikat-718x1024.jpg\" alt=\"\" class=\"wp-image-813\" srcset=\"https:\/\/www.auszeit-meyer.de\/wp-content\/uploads\/2023\/09\/Babymassage-Zertifikat-718x1024.jpg 718w, https:\/\/www.auszeit-meyer.de\/wp-content\/uploads\/2023\/09\/Babymassage-Zertifikat-210x300.jpg 210w, https:\/\/www.auszeit-meyer.de\/wp-content\/uploads\/2023\/09\/Babymassage-Zertifikat-768x1095.jpg 768w, https:\/\/www.auszeit-meyer.de\/wp-content\/uploads\/2023\/09\/Babymassage-Zertifikat-1077x1536.jpg 1077w, https:\/\/www.auszeit-meyer.de\/wp-content\/uploads\/2023\/09\/Babymassage-Zertifikat.jpg 1156w\" sizes=\"(max-width: 718px) 100vw, 718px\" \/><\/figure>\n<\/div>\n\n\n\n<div class=\"wp-block-column is-layout-flow wp-block-column-is-layout-flow\"><\/div>\n<\/div>\n","protected":false},"excerpt":{"rendered":"<p>Du bist m\u00fcde, kommst kaum zum Duschen und sitzt zwischen Windeln und W\u00e4schebergen? Dein neuer Alltag mit deinem Baby ist&hellip;<\/p>\n","protected":false},"author":2,"featured_media":0,"parent":0,"menu_order":0,"comment_status":"closed","ping_status":"closed","template":"","meta":{"footnotes":""},"_links":{"self":[{"href":"https:\/\/www.auszeit-meyer.de\/index.php\/wp-json\/wp\/v2\/pages\/21"}],"collection":[{"href":"https:\/\/www.auszeit-meyer.de\/index.php\/wp-json\/wp\/v2\/pages"}],"about":[{"href":"https:\/\/www.auszeit-meyer.de\/index.php\/wp-json\/wp\/v2\/types\/page"}],"author":[{"embeddable":true,"href":"https:\/\/www.auszeit-meyer.de\/index.php\/wp-json\/wp\/v2\/users\/2"}],"replies":[{"embeddable":true,"href":"https:\/\/www.auszeit-meyer.de\/index.php\/wp-json\/wp\/v2\/comments?post=21"}],"version-history":[{"count":25,"href":"https:\/\/www.auszeit-meyer.de\/index.php\/wp-json\/wp\/v2\/pages\/21\/revisions"}],"predecessor-version":[{"id":819,"href":"https:\/\/www.auszeit-meyer.de\/index.php\/wp-json\/wp\/v2\/pages\/21\/revisions\/819"}],"wp:attachment":[{"href":"https:\/\/www.auszeit-meyer.de\/index.php\/wp-json\/wp\/v2\/media?parent=21"}],"curies":[{"name":"wp","href":"https:\/\/api.w.org\/{rel}","templated":true}]}}