{"id":343,"date":"2022-02-04T08:20:32","date_gmt":"2022-02-04T08:20:32","guid":{"rendered":"https:\/\/www.auszeit-meyer.de\/?page_id=343"},"modified":"2023-02-05T16:06:30","modified_gmt":"2023-02-05T16:06:30","slug":"impressum","status":"publish","type":"page","link":"https:\/\/www.auszeit-meyer.de\/index.php\/impressum\/","title":{"rendered":"Impressum"},"content":{"rendered":"\n<p class=\"has-medium-font-size\"><br><strong>Angaben gem\u00e4\u00df \u00a7 5 TMG<\/strong><\/p>\n\n\n\n<p><br>Auszeit &amp; Wellness Meyer GbR<br>Waldstra\u00dfe 9<br>27442 Gnarrenburg<br><\/p>\n\n\n\n<p>Vertreten durch:<br>Johanna &amp; Christoph Meyer<br><\/p>\n\n\n\n<p>Kontakt<br>Telefon: 015256148496<br>E-Mail: auszeit.meyer@gmail.com<br><\/p>\n\n\n\n<p>EU-Streitschlichtung<br>Die Europ\u00e4ische Kommission stellt eine Plattform zur Online-Streitbeilegung (OS) bereit:<br><a href=\"https:\/\/ec.europa.eu\/consumers\/odr\" data-type=\"URL\" data-id=\"https:\/\/ec.europa.eu\/consumers\/odr\">https:\/\/ec.europa.eu\/consumers\/odr<\/a>.<br><\/p>\n\n\n\n<p>Unsere E-Mail-Adresse finden Sie oben im Impressum.<br><\/p>\n\n\n\n<p>Verbraucherstreitbeilegung\/Universalschlichtungsstelle<br>Wir sind nicht bereit oder verpflichtet, an Streitbeilegungsverfahren vor einer<br>Verbraucherschlichtungsstelle teilzunehmen.<\/p>\n\n\n\n<p>Wir sind Teilnehmer des Amazon-Affiliate-Programms. Dies bedeutet, dass wir f\u00fcr jeden Kauf, den ein Benutzer \u00fcber einen von uns bereitgestellten Affiliate-Link t\u00e4tigt, eine Provision erhalten.<\/p>\n\n\n\n<p>Quelle:<br><a href=\"https:\/\/www.e-recht24.de\/impressum-generator.html\" target=\"_blank\" rel=\"noreferrer noopener\">https:\/\/www.e-recht24.de\/impressum-generator.html<\/a><\/p>\n","protected":false},"excerpt":{"rendered":"<p>Angaben gem\u00e4\u00df \u00a7 5 TMG Auszeit &amp; Wellness Meyer GbRWaldstra\u00dfe 927442 Gnarrenburg Vertreten durch:Johanna &amp; Christoph Meyer KontaktTelefon: 015256148496E-Mail: auszeit.meyer@gmail.com&hellip;<\/p>\n","protected":false},"author":2,"featured_media":0,"parent":0,"menu_order":0,"comment_status":"closed","ping_status":"closed","template":"","meta":{"footnotes":""},"_links":{"self":[{"href":"https:\/\/www.auszeit-meyer.de\/index.php\/wp-json\/wp\/v2\/pages\/343"}],"collection":[{"href":"https:\/\/www.auszeit-meyer.de\/index.php\/wp-json\/wp\/v2\/pages"}],"about":[{"href":"https:\/\/www.auszeit-meyer.de\/index.php\/wp-json\/wp\/v2\/types\/page"}],"author":[{"embeddable":true,"href":"https:\/\/www.auszeit-meyer.de\/index.php\/wp-json\/wp\/v2\/users\/2"}],"replies":[{"embeddable":true,"href":"https:\/\/www.auszeit-meyer.de\/index.php\/wp-json\/wp\/v2\/comments?post=343"}],"version-history":[{"count":5,"href":"https:\/\/www.auszeit-meyer.de\/index.php\/wp-json\/wp\/v2\/pages\/343\/revisions"}],"predecessor-version":[{"id":703,"href":"https:\/\/www.auszeit-meyer.de\/index.php\/wp-json\/wp\/v2\/pages\/343\/revisions\/703"}],"wp:attachment":[{"href":"https:\/\/www.auszeit-meyer.de\/index.php\/wp-json\/wp\/v2\/media?parent=343"}],"curies":[{"name":"wp","href":"https:\/\/api.w.org\/{rel}","templated":true}]}}