{"id":63,"date":"2021-12-12T14:54:02","date_gmt":"2021-12-12T14:54:02","guid":{"rendered":"https:\/\/www.auszeit-meyer.de\/?page_id=63"},"modified":"2025-01-28T07:59:43","modified_gmt":"2025-01-28T07:59:43","slug":"wellness-massage","status":"publish","type":"page","link":"https:\/\/www.auszeit-meyer.de\/index.php\/wellness-massage\/","title":{"rendered":"mobile Wellness-Massagen"},"content":{"rendered":"\n<p class=\"has-medium-font-size\"><strong>Eine Wellnessmassage ist eine Auszeit nur f\u00fcr Dich!<\/strong><\/p>\n\n\n\n<p class=\"has-medium-font-size\"><strong>Jede Anwendung wird mit \u00e4therischen \u00d6len durchgef\u00fchrt und l\u00e4sst dich so, noch tiefer entspannen und abschalten.<\/strong><\/p>\n\n\n\n<p class=\"has-medium-font-size\">F\u00fcr deine Massage brauchst du noch nicht mal dein Zuhause verlassen. Ich bin mobil mit meiner Massageliege unterwegs und komme im Umkreis von 15km rund um Gnarrenburg zu dir nach Hause. Du brauchst nichts weiter vorbereiten und darfst dich einfach nur auf deine wohltuende Entspannung freuen.<\/p>\n\n\n\n<p class=\"has-medium-font-size\">Du kannst zwischen einer Aroma\u00f6l-Massage (40 Minuten und 60 Minuten) und einer Fu\u00dfreflexzonen-Anwendung (60 Minuten) w\u00e4hlen. <\/p>\n\n\n\n<p class=\"has-medium-font-size\">Beide Massagen werden mit \u00e4therischen \u00d6len durchgef\u00fchrt. Das wohltuende Aroma zusammen mit den sanften Knetungen l\u00f6st deine Verspannungen und l\u00e4sst dich in eine tiefe Entspannung gleiten.<\/p>\n\n\n\n<p class=\"has-medium-font-size\">Du kannst ganz bequem hier einen Termin vereinbaren:<\/p>\n\n\n\n<div class=\"wp-block-buttons is-layout-flex wp-block-buttons-is-layout-flex\">\n<div class=\"wp-block-button has-custom-font-size has-medium-font-size\"><a class=\"wp-block-button__link wp-element-button\" href=\"https:\/\/www.auszeit-meyer.de\/index.php\/kontakt\/\">Termin vereinbaren<\/a><\/div>\n<\/div>\n\n\n\n<div style=\"height:30px\" aria-hidden=\"true\" class=\"wp-block-spacer\"><\/div>\n\n\n\n<div class=\"wp-block-buttons is-layout-flex wp-block-buttons-is-layout-flex\">\n<div class=\"wp-block-button has-custom-width wp-block-button__width-100 is-style-outline\"><a class=\"wp-block-button__link wp-element-button\" href=\"https:\/\/www.auszeit-meyer.de\/index.php\/aromaoel-massage\/\">Aroma\u00f6l-Massage<\/a><\/div>\n<\/div>\n\n\n\n<div style=\"height:32px\" aria-hidden=\"true\" class=\"wp-block-spacer\"><\/div>\n\n\n\n<div class=\"wp-block-buttons is-layout-flex wp-block-buttons-is-layout-flex\">\n<div class=\"wp-block-button has-custom-width wp-block-button__width-100 is-style-outline\"><a class=\"wp-block-button__link wp-element-button\" href=\"https:\/\/www.auszeit-meyer.de\/index.php\/fussreflexzonen-anwendung\/\">Fu\u00dfreflexzonen-Anwendung<\/a><\/div>\n<\/div>\n\n\n\n<div style=\"height:44px\" aria-hidden=\"true\" class=\"wp-block-spacer\"><\/div>\n\n\n\n<div class=\"wp-block-columns is-layout-flex wp-container-core-columns-layout-1 wp-block-columns-is-layout-flex\">\n<div class=\"wp-block-column is-layout-flow wp-block-column-is-layout-flow\">\n<figure class=\"wp-block-image size-large\"><img decoding=\"async\" width=\"718\" height=\"1024\" src=\"https:\/\/www.auszeit-meyer.de\/wp-content\/uploads\/2023\/09\/Massage-Zertifikat-1-718x1024.jpg\" alt=\"\" class=\"wp-image-807\" srcset=\"https:\/\/www.auszeit-meyer.de\/wp-content\/uploads\/2023\/09\/Massage-Zertifikat-1-718x1024.jpg 718w, https:\/\/www.auszeit-meyer.de\/wp-content\/uploads\/2023\/09\/Massage-Zertifikat-1-210x300.jpg 210w, https:\/\/www.auszeit-meyer.de\/wp-content\/uploads\/2023\/09\/Massage-Zertifikat-1-768x1095.jpg 768w, https:\/\/www.auszeit-meyer.de\/wp-content\/uploads\/2023\/09\/Massage-Zertifikat-1-1077x1536.jpg 1077w, https:\/\/www.auszeit-meyer.de\/wp-content\/uploads\/2023\/09\/Massage-Zertifikat-1.jpg 1156w\" sizes=\"(max-width: 718px) 100vw, 718px\" \/><\/figure>\n<\/div>\n\n\n\n<div class=\"wp-block-column is-layout-flow wp-block-column-is-layout-flow\">\n<figure class=\"wp-block-image size-large\"><img decoding=\"async\" width=\"718\" height=\"1024\" src=\"https:\/\/www.auszeit-meyer.de\/wp-content\/uploads\/2023\/09\/FRZM-Zertifikat-718x1024.jpg\" alt=\"\" class=\"wp-image-808\" srcset=\"https:\/\/www.auszeit-meyer.de\/wp-content\/uploads\/2023\/09\/FRZM-Zertifikat-718x1024.jpg 718w, https:\/\/www.auszeit-meyer.de\/wp-content\/uploads\/2023\/09\/FRZM-Zertifikat-210x300.jpg 210w, https:\/\/www.auszeit-meyer.de\/wp-content\/uploads\/2023\/09\/FRZM-Zertifikat-768x1095.jpg 768w, https:\/\/www.auszeit-meyer.de\/wp-content\/uploads\/2023\/09\/FRZM-Zertifikat-1077x1536.jpg 1077w, https:\/\/www.auszeit-meyer.de\/wp-content\/uploads\/2023\/09\/FRZM-Zertifikat.jpg 1156w\" sizes=\"(max-width: 718px) 100vw, 718px\" \/><\/figure>\n<\/div>\n<\/div>\n","protected":false},"excerpt":{"rendered":"<p>Eine Wellnessmassage ist eine Auszeit nur f\u00fcr Dich! Jede Anwendung wird mit \u00e4therischen \u00d6len durchgef\u00fchrt und l\u00e4sst dich so, noch&hellip;<\/p>\n","protected":false},"author":2,"featured_media":0,"parent":0,"menu_order":0,"comment_status":"closed","ping_status":"closed","template":"","meta":{"footnotes":""},"_links":{"self":[{"href":"https:\/\/www.auszeit-meyer.de\/index.php\/wp-json\/wp\/v2\/pages\/63"}],"collection":[{"href":"https:\/\/www.auszeit-meyer.de\/index.php\/wp-json\/wp\/v2\/pages"}],"about":[{"href":"https:\/\/www.auszeit-meyer.de\/index.php\/wp-json\/wp\/v2\/types\/page"}],"author":[{"embeddable":true,"href":"https:\/\/www.auszeit-meyer.de\/index.php\/wp-json\/wp\/v2\/users\/2"}],"replies":[{"embeddable":true,"href":"https:\/\/www.auszeit-meyer.de\/index.php\/wp-json\/wp\/v2\/comments?post=63"}],"version-history":[{"count":15,"href":"https:\/\/www.auszeit-meyer.de\/index.php\/wp-json\/wp\/v2\/pages\/63\/revisions"}],"predecessor-version":[{"id":972,"href":"https:\/\/www.auszeit-meyer.de\/index.php\/wp-json\/wp\/v2\/pages\/63\/revisions\/972"}],"wp:attachment":[{"href":"https:\/\/www.auszeit-meyer.de\/index.php\/wp-json\/wp\/v2\/media?parent=63"}],"curies":[{"name":"wp","href":"https:\/\/api.w.org\/{rel}","templated":true}]}}