{"id":633,"date":"2023-02-05T15:41:06","date_gmt":"2023-02-05T15:41:06","guid":{"rendered":"https:\/\/www.auszeit-meyer.de\/?page_id=633"},"modified":"2023-07-23T13:15:02","modified_gmt":"2023-07-23T13:15:02","slug":"mein-babymassage-buch","status":"publish","type":"page","link":"https:\/\/www.auszeit-meyer.de\/index.php\/mein-babymassage-buch\/","title":{"rendered":"Mein Babymassage-Buch"},"content":{"rendered":"\n<p><\/p>\n\n\n\n<p class=\"has-medium-font-size\">Meine Arbeit mit den Eltern und Babys in meinen Kursen hat mich dazu inspiriert, ein Buch \u00fcber die Babymassage zu schreiben. Mir ist es ein besonderes Anliegen, dass ich mit meinem Buch m\u00f6glichst viele Eltern anleiten kann, um zu zeigen wie sie ihrem Baby eine sanfte und wunderbar unterst\u00fctzende Massage schenken k\u00f6nnen.<\/p>\n\n\n\n<div class=\"wp-block-columns is-layout-flex wp-container-core-columns-layout-1 wp-block-columns-is-layout-flex\">\n<div class=\"wp-block-column is-layout-flow wp-block-column-is-layout-flow\">\n<figure class=\"wp-block-image size-large\"><img decoding=\"async\" width=\"1024\" height=\"1024\" src=\"https:\/\/www.auszeit-meyer.de\/wp-content\/uploads\/2023\/02\/DSC_3893-1024x1024.jpg\" alt=\"\" class=\"wp-image-687\" srcset=\"https:\/\/www.auszeit-meyer.de\/wp-content\/uploads\/2023\/02\/DSC_3893-1024x1024.jpg 1024w, https:\/\/www.auszeit-meyer.de\/wp-content\/uploads\/2023\/02\/DSC_3893-300x300.jpg 300w, https:\/\/www.auszeit-meyer.de\/wp-content\/uploads\/2023\/02\/DSC_3893-150x150.jpg 150w, https:\/\/www.auszeit-meyer.de\/wp-content\/uploads\/2023\/02\/DSC_3893-768x768.jpg 768w, https:\/\/www.auszeit-meyer.de\/wp-content\/uploads\/2023\/02\/DSC_3893-1536x1536.jpg 1536w, https:\/\/www.auszeit-meyer.de\/wp-content\/uploads\/2023\/02\/DSC_3893-1600x1600.jpg 1600w, https:\/\/www.auszeit-meyer.de\/wp-content\/uploads\/2023\/02\/DSC_3893.jpg 1920w\" sizes=\"(max-width: 1024px) 100vw, 1024px\" \/><\/figure>\n<\/div>\n\n\n\n<div class=\"wp-block-column is-layout-flow wp-block-column-is-layout-flow\"><div class=\"wp-block-image\">\n<figure class=\"aligncenter size-large\"><img decoding=\"async\" width=\"1024\" height=\"1024\" src=\"https:\/\/www.auszeit-meyer.de\/wp-content\/uploads\/2023\/02\/DSC_3952-1024x1024.jpg\" alt=\"\" class=\"wp-image-694\" srcset=\"https:\/\/www.auszeit-meyer.de\/wp-content\/uploads\/2023\/02\/DSC_3952-1024x1024.jpg 1024w, https:\/\/www.auszeit-meyer.de\/wp-content\/uploads\/2023\/02\/DSC_3952-300x300.jpg 300w, https:\/\/www.auszeit-meyer.de\/wp-content\/uploads\/2023\/02\/DSC_3952-150x150.jpg 150w, https:\/\/www.auszeit-meyer.de\/wp-content\/uploads\/2023\/02\/DSC_3952-768x768.jpg 768w, https:\/\/www.auszeit-meyer.de\/wp-content\/uploads\/2023\/02\/DSC_3952-1536x1536.jpg 1536w, https:\/\/www.auszeit-meyer.de\/wp-content\/uploads\/2023\/02\/DSC_3952-1600x1600.jpg 1600w, https:\/\/www.auszeit-meyer.de\/wp-content\/uploads\/2023\/02\/DSC_3952.jpg 1920w\" sizes=\"(max-width: 1024px) 100vw, 1024px\" \/><\/figure><\/div><\/div>\n\n\n\n<div class=\"wp-block-column is-layout-flow wp-block-column-is-layout-flow\">\n<figure class=\"wp-block-image size-large\"><img decoding=\"async\" width=\"1024\" height=\"1024\" src=\"https:\/\/www.auszeit-meyer.de\/wp-content\/uploads\/2023\/02\/DSC_3936-1024x1024.jpg\" alt=\"\" class=\"wp-image-686\" srcset=\"https:\/\/www.auszeit-meyer.de\/wp-content\/uploads\/2023\/02\/DSC_3936-1024x1024.jpg 1024w, https:\/\/www.auszeit-meyer.de\/wp-content\/uploads\/2023\/02\/DSC_3936-300x300.jpg 300w, https:\/\/www.auszeit-meyer.de\/wp-content\/uploads\/2023\/02\/DSC_3936-150x150.jpg 150w, https:\/\/www.auszeit-meyer.de\/wp-content\/uploads\/2023\/02\/DSC_3936-768x768.jpg 768w, https:\/\/www.auszeit-meyer.de\/wp-content\/uploads\/2023\/02\/DSC_3936-1536x1536.jpg 1536w, https:\/\/www.auszeit-meyer.de\/wp-content\/uploads\/2023\/02\/DSC_3936-1600x1600.jpg 1600w, https:\/\/www.auszeit-meyer.de\/wp-content\/uploads\/2023\/02\/DSC_3936.jpg 1920w\" sizes=\"(max-width: 1024px) 100vw, 1024px\" \/><\/figure>\n<\/div>\n<\/div>\n\n\n\n<p class=\"has-medium-font-size\">Dieses Buch bietet Eltern eine umfassende Anleitung, wie sie ihr Baby auf sanfte Weise massieren. Es zeigt, wie Massagen dabei helfen k\u00f6nnen, das Wohlbefinden des Babys zu steigern, seine Entwicklung zu f\u00f6rdern und die Bindung zwischen Eltern und Baby zu st\u00e4rken. Die Massagetechniken werden in leicht verst\u00e4ndlichen Schritten beschrieben und durch zahlreiche Bilder veranschaulicht. Au\u00dferdem werden bestimmte Griffe und Streichungen hervorgehoben, die dem Baby z.B. bei Zahnungsschmerzen und Bauchweh sehr helfen k\u00f6nnen. Die Babymassage wirkt sich besonders positiv auf die k\u00f6rperliche und emotionale Entwicklung aus. <\/p>\n\n\n\n<div class=\"wp-block-columns is-layout-flex wp-container-core-columns-layout-2 wp-block-columns-is-layout-flex\">\n<div class=\"wp-block-column is-layout-flow wp-block-column-is-layout-flow\" style=\"flex-basis:66.66%\">\n<p class=\"has-medium-font-size\">Zus\u00e4tzlich geht es aber in dem Buch nicht nur um das Baby, sondern auch um die Eltern. Um eine sichere und wirkungsvolle Massage durchzuf\u00fchren, ist es ganz wichtig, dass es auch den Eltern gut geht. Die neuen Herausforderungen, die die Geburt des Babys mit sich bringen, sind oft nicht leicht zu verarbeiten und bringen Unsicherheiten mit sich. Pausen und Auszeiten sollten darum ein wichtiger Bestandteil des Alltags sein. Auch die intensive Zeit w\u00e4hrend der Massage kann eine ganz wundersch\u00f6ne Auszeit sein. Zusammen mit seinem Kind.<\/p>\n<\/div>\n\n\n\n<div class=\"wp-block-column is-layout-flow wp-block-column-is-layout-flow\" style=\"flex-basis:33.33%\">\n<figure class=\"wp-block-image size-large is-resized\"><img decoding=\"async\" src=\"https:\/\/www.auszeit-meyer.de\/wp-content\/uploads\/2023\/02\/Design-ohne-Titel10-2-726x1024.jpg\" alt=\"\" class=\"wp-image-695\" width=\"206\" height=\"290\" srcset=\"https:\/\/www.auszeit-meyer.de\/wp-content\/uploads\/2023\/02\/Design-ohne-Titel10-2-726x1024.jpg 726w, https:\/\/www.auszeit-meyer.de\/wp-content\/uploads\/2023\/02\/Design-ohne-Titel10-2-213x300.jpg 213w, https:\/\/www.auszeit-meyer.de\/wp-content\/uploads\/2023\/02\/Design-ohne-Titel10-2-768x1083.jpg 768w, https:\/\/www.auszeit-meyer.de\/wp-content\/uploads\/2023\/02\/Design-ohne-Titel10-2-1090x1536.jpg 1090w, https:\/\/www.auszeit-meyer.de\/wp-content\/uploads\/2023\/02\/Design-ohne-Titel10-2.jpg 1240w\" sizes=\"(max-width: 206px) 100vw, 206px\" \/><\/figure>\n<\/div>\n<\/div>\n\n\n\n<p class=\"has-medium-font-size\">Insgesamt ist dieses Buch eine wertvolle Ressource f\u00fcr Eltern, die ihr Baby auf sanfte Weise unterst\u00fctzen und ihre Bindung zu ihm st\u00e4rken m\u00f6chten.  <\/p>\n\n\n\n<div style=\"height:71px\" aria-hidden=\"true\" class=\"wp-block-spacer\"><\/div>\n\n\n\n<hr class=\"wp-block-separator has-alpha-channel-opacity\"\/>\n\n\n\n<div class=\"wp-block-columns is-layout-flex wp-container-core-columns-layout-3 wp-block-columns-is-layout-flex\">\n<div class=\"wp-block-column is-layout-flow wp-block-column-is-layout-flow\" style=\"flex-basis:33.33%\">\n<div class=\"wp-block-buttons is-layout-flex wp-block-buttons-is-layout-flex\"><\/div>\n\n\n\n<figure class=\"wp-block-image size-large\"><a href=\"https:\/\/amzn.eu\/d\/iuiogvR\"><img decoding=\"async\" width=\"1024\" height=\"1024\" src=\"https:\/\/www.auszeit-meyer.de\/wp-content\/uploads\/2023\/07\/Mein-neues-Buch-1024x1024.jpg\" alt=\"\" class=\"wp-image-761\" srcset=\"https:\/\/www.auszeit-meyer.de\/wp-content\/uploads\/2023\/07\/Mein-neues-Buch-1024x1024.jpg 1024w, https:\/\/www.auszeit-meyer.de\/wp-content\/uploads\/2023\/07\/Mein-neues-Buch-300x300.jpg 300w, https:\/\/www.auszeit-meyer.de\/wp-content\/uploads\/2023\/07\/Mein-neues-Buch-150x150.jpg 150w, https:\/\/www.auszeit-meyer.de\/wp-content\/uploads\/2023\/07\/Mein-neues-Buch-768x768.jpg 768w, https:\/\/www.auszeit-meyer.de\/wp-content\/uploads\/2023\/07\/Mein-neues-Buch.jpg 1080w\" sizes=\"(max-width: 1024px) 100vw, 1024px\" \/><\/a><\/figure>\n<\/div>\n\n\n\n<div class=\"wp-block-column is-layout-flow wp-block-column-is-layout-flow\" style=\"flex-basis:66.66%\">\n<p><\/p>\n\n\n\n<p class=\"has-text-align-left has-medium-font-size\"><em>Erlebe eine intensive und tiefe Verbundenheit mit deinem Baby durch regelm\u00e4\u00dfige Massagen. Mit meinem Babymassage-Buch biete ich dir eine detaillierte Anleitung. Mit einem Klick kannst du dir das Buch direkt nach Hause schicken lassen.<\/em><\/p>\n<\/div>\n<\/div>\n\n\n\n<hr class=\"wp-block-separator has-alpha-channel-opacity\"\/>\n\n\n\n<p><\/p>\n","protected":false},"excerpt":{"rendered":"<p>Meine Arbeit mit den Eltern und Babys in meinen Kursen hat mich dazu inspiriert, ein Buch \u00fcber die Babymassage zu&hellip;<\/p>\n","protected":false},"author":2,"featured_media":0,"parent":0,"menu_order":0,"comment_status":"closed","ping_status":"closed","template":"","meta":{"footnotes":""},"_links":{"self":[{"href":"https:\/\/www.auszeit-meyer.de\/index.php\/wp-json\/wp\/v2\/pages\/633"}],"collection":[{"href":"https:\/\/www.auszeit-meyer.de\/index.php\/wp-json\/wp\/v2\/pages"}],"about":[{"href":"https:\/\/www.auszeit-meyer.de\/index.php\/wp-json\/wp\/v2\/types\/page"}],"author":[{"embeddable":true,"href":"https:\/\/www.auszeit-meyer.de\/index.php\/wp-json\/wp\/v2\/users\/2"}],"replies":[{"embeddable":true,"href":"https:\/\/www.auszeit-meyer.de\/index.php\/wp-json\/wp\/v2\/comments?post=633"}],"version-history":[{"count":17,"href":"https:\/\/www.auszeit-meyer.de\/index.php\/wp-json\/wp\/v2\/pages\/633\/revisions"}],"predecessor-version":[{"id":762,"href":"https:\/\/www.auszeit-meyer.de\/index.php\/wp-json\/wp\/v2\/pages\/633\/revisions\/762"}],"wp:attachment":[{"href":"https:\/\/www.auszeit-meyer.de\/index.php\/wp-json\/wp\/v2\/media?parent=633"}],"curies":[{"name":"wp","href":"https:\/\/api.w.org\/{rel}","templated":true}]}}