{"id":76,"date":"2021-12-12T15:06:52","date_gmt":"2021-12-12T15:06:52","guid":{"rendered":"https:\/\/www.auszeit-meyer.de\/?page_id=76"},"modified":"2025-01-28T08:00:23","modified_gmt":"2025-01-28T08:00:23","slug":"aromaoel-massage","status":"publish","type":"page","link":"https:\/\/www.auszeit-meyer.de\/index.php\/aromaoel-massage\/","title":{"rendered":"Aroma\u00f6l-Massage"},"content":{"rendered":"\n<p class=\"has-medium-font-size\"><strong>Stresst dich dein Alltag und du kommst kaum noch richtig zur Ruhe?<\/strong><\/p>\n\n\n\n<p class=\"has-medium-font-size\"><strong>F\u00fchlst du die Anspannungen und die Last auf deinen Schultern?<\/strong><\/p>\n\n\n\n<p class=\"has-medium-font-size\"><strong>W\u00fcnschst du dir einfach nur eine Pause?<\/strong><\/p>\n\n\n\n<p class=\"has-medium-font-size\">Eine sanfte Ganzk\u00f6rper-Massage zusammen mit wohltuenden D\u00fcften, kann dich dabei unterst\u00fctzen loszulassen und dich wieder in deine nat\u00fcrliche Balance zu bringen.<\/p>\n\n\n\n<p class=\"has-medium-font-size\">Du kannst f\u00fcr einen Moment die Au\u00dfenwelt ausblenden und ganz bei dir sein.<\/p>\n\n\n\n<p class=\"has-medium-font-size\">Die Massage lockert die Faszien und die Muskulatur und f\u00fchrt zu einer tiefen Entspannung.<\/p>\n\n\n\n<p class=\"has-medium-font-size\">Der Duft \u00e4therischer \u00d6le verst\u00e4rkt die entspannende Wirkung und kann ganz nach deinen W\u00fcnschen ausgew\u00e4hlt werden.<\/p>\n\n\n\n<p class=\"has-medium-font-size\">Da \u00e4therische \u00d6le nicht nur auf k\u00f6rperlicher Ebene wirken, sondern auch emotional, erf\u00e4hrst du eine wunderbare Kombination von Entspannung in K\u00f6rper und Geist.<\/p>\n\n\n\n<div class=\"wp-block-columns is-layout-flex wp-container-core-columns-layout-1 wp-block-columns-is-layout-flex\">\n<div class=\"wp-block-column is-layout-flow wp-block-column-is-layout-flow\" style=\"flex-basis:50%\">\n<figure class=\"wp-block-image size-large is-resized\"><img decoding=\"async\" width=\"1024\" height=\"682\" src=\"https:\/\/www.auszeit-meyer.de\/wp-content\/uploads\/2022\/02\/massage-g453e285a1_1280-1-1024x682.jpg\" alt=\"\" class=\"wp-image-316\" style=\"width:322px;height:214px\" srcset=\"https:\/\/www.auszeit-meyer.de\/wp-content\/uploads\/2022\/02\/massage-g453e285a1_1280-1-1024x682.jpg 1024w, https:\/\/www.auszeit-meyer.de\/wp-content\/uploads\/2022\/02\/massage-g453e285a1_1280-1-300x200.jpg 300w, https:\/\/www.auszeit-meyer.de\/wp-content\/uploads\/2022\/02\/massage-g453e285a1_1280-1-768x512.jpg 768w, https:\/\/www.auszeit-meyer.de\/wp-content\/uploads\/2022\/02\/massage-g453e285a1_1280-1.jpg 1280w\" sizes=\"(max-width: 1024px) 100vw, 1024px\" \/><\/figure>\n<\/div>\n\n\n\n<div class=\"wp-block-column is-layout-flow wp-block-column-is-layout-flow\" style=\"flex-basis:50%\">\n<p class=\"has-medium-font-size\">Lavendel, Mandarine und Ylang Ylang wirken beruhigend und l\u00f6sen das Gedankenchaos im Kopf auf. Ganz besonders nach einem stressigen Arbeitstag kann dir die Aroma\u00f6l-Massage helfen abzuschalten und Ruhe zu finden.<\/p>\n<\/div>\n<\/div>\n\n\n\n<p class=\"has-medium-font-size\">Wintergr\u00fcn, Pfefferminze und Eukalyptus haben eine belebende und w\u00e4rmende aber gleichzeitig auch entspannende Wirkung auf deinen K\u00f6rper. Die Muskulatur lockert sich und du kannst durch den frischen Duft tief durchatmen.<\/p>\n\n\n\n<p class=\"has-medium-font-size\">Eine Aroma\u00f6l-Massage ist eine Auszeit f\u00fcr deinen K\u00f6rper und eine Pause f\u00fcr deinen Kopf.<\/p>\n\n\n\n<hr class=\"wp-block-separator has-css-opacity is-style-wide\"\/>\n\n\n\n<p class=\"has-medium-font-size\">Ich komme mit meiner mobilen Massageliege zu dir nach Hause und du kannst dich in deinen eigenen vier W\u00e4nden entspannen. Im Umkreis von 15km rund um Gnarrenburg.<\/p>\n\n\n\n<p class=\"has-medium-font-size\"><strong>Preise:<\/strong><\/p>\n\n\n\n<div class=\"wp-block-columns is-layout-flex wp-container-core-columns-layout-2 wp-block-columns-is-layout-flex\">\n<div class=\"wp-block-column is-layout-flow wp-block-column-is-layout-flow\">\n<p class=\"has-medium-font-size\">60 Minuten<\/p>\n<\/div>\n\n\n\n<div class=\"wp-block-column is-layout-flow wp-block-column-is-layout-flow\">\n<p class=\"has-medium-font-size\">65,-\u20ac<\/p>\n<\/div>\n<\/div>\n\n\n\n<div class=\"wp-block-columns is-layout-flex wp-container-core-columns-layout-3 wp-block-columns-is-layout-flex\">\n<div class=\"wp-block-column is-layout-flow wp-block-column-is-layout-flow\">\n<p class=\"has-medium-font-size\">40 Minuten<\/p>\n<\/div>\n\n\n\n<div class=\"wp-block-column is-layout-flow wp-block-column-is-layout-flow\">\n<p class=\"has-medium-font-size\">43,-\u20ac<\/p>\n<\/div>\n<\/div>\n\n\n\n<hr class=\"wp-block-separator has-css-opacity is-style-wide\"\/>\n\n\n\n<div class=\"wp-block-buttons is-layout-flex wp-block-buttons-is-layout-flex\">\n<div class=\"wp-block-button has-custom-width wp-block-button__width-100 is-style-outline\"><a class=\"wp-block-button__link wp-element-button\" href=\"https:\/\/www.auszeit-meyer.de\/index.php\/kontakt\/\">Termin vereinbaren<\/a><\/div>\n<\/div>\n","protected":false},"excerpt":{"rendered":"<p>Stresst dich dein Alltag und du kommst kaum noch richtig zur Ruhe? F\u00fchlst du die Anspannungen und die Last auf&hellip;<\/p>\n","protected":false},"author":2,"featured_media":0,"parent":0,"menu_order":0,"comment_status":"closed","ping_status":"closed","template":"","meta":{"footnotes":""},"_links":{"self":[{"href":"https:\/\/www.auszeit-meyer.de\/index.php\/wp-json\/wp\/v2\/pages\/76"}],"collection":[{"href":"https:\/\/www.auszeit-meyer.de\/index.php\/wp-json\/wp\/v2\/pages"}],"about":[{"href":"https:\/\/www.auszeit-meyer.de\/index.php\/wp-json\/wp\/v2\/types\/page"}],"author":[{"embeddable":true,"href":"https:\/\/www.auszeit-meyer.de\/index.php\/wp-json\/wp\/v2\/users\/2"}],"replies":[{"embeddable":true,"href":"https:\/\/www.auszeit-meyer.de\/index.php\/wp-json\/wp\/v2\/comments?post=76"}],"version-history":[{"count":15,"href":"https:\/\/www.auszeit-meyer.de\/index.php\/wp-json\/wp\/v2\/pages\/76\/revisions"}],"predecessor-version":[{"id":973,"href":"https:\/\/www.auszeit-meyer.de\/index.php\/wp-json\/wp\/v2\/pages\/76\/revisions\/973"}],"wp:attachment":[{"href":"https:\/\/www.auszeit-meyer.de\/index.php\/wp-json\/wp\/v2\/media?parent=76"}],"curies":[{"name":"wp","href":"https:\/\/api.w.org\/{rel}","templated":true}]}}