{"id":820,"date":"2023-09-06T08:40:11","date_gmt":"2023-09-06T08:40:11","guid":{"rendered":"https:\/\/www.auszeit-meyer.de\/?page_id=820"},"modified":"2024-03-20T11:25:11","modified_gmt":"2024-03-20T11:25:11","slug":"eltern-kind-kurse","status":"publish","type":"page","link":"https:\/\/www.auszeit-meyer.de\/index.php\/eltern-kind-kurse\/","title":{"rendered":"Eltern-Kind-Kurse"},"content":{"rendered":"\n<p class=\"has-medium-font-size\"><strong>Die ersten drei Jahre eines Kindes sind zweifelsohne sehr aufregend, wundersch\u00f6n, tr\u00e4nenreich, lustig, schlaflos, anstrengend aber vor allem ein kleines Abenteuer.<\/strong> <\/p>\n\n\n\n<p class=\"has-medium-font-size\">Sicher fallen dir noch mehr W\u00f6rter ein, die die ersten Jahre mit deinem Kind beschreiben w\u00fcrden. Wenn man bedenkt, dass Kinder in dieser vergleichsweisen kurzen Zeit unfassbar viel lernen, ist es wirklich ein Wunder. Als Eltern hat man oft vorher noch keine genauen Vorstellung, wie sehr Kinder das eigene Leben ver\u00e4ndern werden. Auf eine zauberhafte Weise und gleichzeitig zehren aber auch die schlaflosen N\u00e4chte an den eigenen Nerven. Das Kindergehirn l\u00e4uft auf Hochtouren um alles zu verarbeiten und am n\u00e4chsten Tag wieder mit Vollgas neue Dinge zu lernen. <\/p>\n\n\n\n<div class=\"wp-block-columns is-layout-flex wp-container-core-columns-layout-1 wp-block-columns-is-layout-flex\">\n<div class=\"wp-block-column is-layout-flow wp-block-column-is-layout-flow\">\n<p class=\"has-medium-font-size\">Ich m\u00f6chte mit meinen Eltern-Kind-Kursen euch einen Raum bieten, indem dein Kind mit anderen Kindern zusammen entdecken, sich entwickeln und frei spielen darf. Meine Spielangebote sind dem Alter und der Entwicklung entsprechend angepasst. Ihr als Eltern d\u00fcrft unterst\u00fctzen, aber auch einfach nur beobachten oder mit eurem Kind spielen. Das Singen (gerne auch krumm und schief) ist ein ganz wichtiger Bestandteil des Kurses. Kinder lieben es wenn ihnen vorgesungen wird. Vielleicht entdeckst du ja auch ein Lied aus deiner Kindheit wieder. <\/p>\n<\/div>\n\n\n\n<div class=\"wp-block-column is-layout-flow wp-block-column-is-layout-flow\">\n<figure class=\"wp-block-image size-large\"><img decoding=\"async\" width=\"724\" height=\"1024\" src=\"https:\/\/www.auszeit-meyer.de\/wp-content\/uploads\/2023\/09\/Kopie-von-Babyzeit--724x1024.jpg\" alt=\"\" class=\"wp-image-828\" srcset=\"https:\/\/www.auszeit-meyer.de\/wp-content\/uploads\/2023\/09\/Kopie-von-Babyzeit--724x1024.jpg 724w, https:\/\/www.auszeit-meyer.de\/wp-content\/uploads\/2023\/09\/Kopie-von-Babyzeit--212x300.jpg 212w, https:\/\/www.auszeit-meyer.de\/wp-content\/uploads\/2023\/09\/Kopie-von-Babyzeit--768x1087.jpg 768w, https:\/\/www.auszeit-meyer.de\/wp-content\/uploads\/2023\/09\/Kopie-von-Babyzeit--1086x1536.jpg 1086w, https:\/\/www.auszeit-meyer.de\/wp-content\/uploads\/2023\/09\/Kopie-von-Babyzeit-.jpg 1357w\" sizes=\"(max-width: 724px) 100vw, 724px\" \/><\/figure>\n<\/div>\n<\/div>\n\n\n\n<p class=\"has-medium-font-size\">Als Kursleiterin und Mama ist mir aber auch die Elterngesundheit wichtig. Wie geht es euch gerade? Wie sieht euer Alltag aus? Mit meinem Fachwissen rund um die Entwicklung und die Bindung eurer Kinder bereite ich jedesmal ein neues Thema f\u00fcr euch vor. Gerade der Austausch mit anderen Eltern kann sehr gut tun.<\/p>\n\n\n\n<p class=\"has-medium-font-size\">Aktuell gibt es zwei Eltern-Kind-Kurse. Die Babyzeit f\u00fcr Babys im Alter von 6-12 Monaten und die Spielzeit f\u00fcr Kleinkinder im Alter von 12-18 Monaten.<\/p>\n\n\n\n<hr class=\"wp-block-separator has-alpha-channel-opacity\"\/>\n\n\n\n<div class=\"wp-block-buttons is-layout-flex wp-block-buttons-is-layout-flex\">\n<div class=\"wp-block-button has-custom-width wp-block-button__width-100\"><a class=\"wp-block-button__link wp-element-button\" href=\"https:\/\/www.auszeit-meyer.de\/index.php\/babyzeit\/\">Babyzeit<\/a><\/div>\n<\/div>\n\n\n\n<div style=\"height:25px\" aria-hidden=\"true\" class=\"wp-block-spacer\"><\/div>\n\n\n\n<div class=\"wp-block-buttons is-layout-flex wp-block-buttons-is-layout-flex\">\n<div class=\"wp-block-button has-custom-width wp-block-button__width-100\"><a class=\"wp-block-button__link wp-element-button\" href=\"https:\/\/www.auszeit-meyer.de\/index.php\/spielzeit\/\">Spielzeit<\/a><\/div>\n<\/div>\n\n\n\n<p class=\"has-medium-font-size\"> <\/p>\n\n\n\n<div class=\"wp-block-columns is-layout-flex wp-container-core-columns-layout-2 wp-block-columns-is-layout-flex\">\n<div class=\"wp-block-column is-layout-flow wp-block-column-is-layout-flow\">\n<figure class=\"wp-block-image size-large\"><img decoding=\"async\" width=\"724\" height=\"1024\" src=\"https:\/\/www.auszeit-meyer.de\/wp-content\/uploads\/2023\/09\/Eltern-Kind-Kursleitung-Zertifikat-724x1024.jpg\" alt=\"\" class=\"wp-image-834\" srcset=\"https:\/\/www.auszeit-meyer.de\/wp-content\/uploads\/2023\/09\/Eltern-Kind-Kursleitung-Zertifikat-724x1024.jpg 724w, https:\/\/www.auszeit-meyer.de\/wp-content\/uploads\/2023\/09\/Eltern-Kind-Kursleitung-Zertifikat-212x300.jpg 212w, https:\/\/www.auszeit-meyer.de\/wp-content\/uploads\/2023\/09\/Eltern-Kind-Kursleitung-Zertifikat-768x1086.jpg 768w, https:\/\/www.auszeit-meyer.de\/wp-content\/uploads\/2023\/09\/Eltern-Kind-Kursleitung-Zertifikat-1086x1536.jpg 1086w, https:\/\/www.auszeit-meyer.de\/wp-content\/uploads\/2023\/09\/Eltern-Kind-Kursleitung-Zertifikat.jpg 1190w\" sizes=\"(max-width: 724px) 100vw, 724px\" \/><\/figure>\n<\/div>\n\n\n\n<div class=\"wp-block-column is-layout-flow wp-block-column-is-layout-flow\">\n<figure class=\"wp-block-image size-large\"><img decoding=\"async\" width=\"724\" height=\"1024\" src=\"https:\/\/www.auszeit-meyer.de\/wp-content\/uploads\/2023\/09\/Erste-Hilfe-Kurs-724x1024.jpg\" alt=\"\" class=\"wp-image-835\" srcset=\"https:\/\/www.auszeit-meyer.de\/wp-content\/uploads\/2023\/09\/Erste-Hilfe-Kurs-724x1024.jpg 724w, https:\/\/www.auszeit-meyer.de\/wp-content\/uploads\/2023\/09\/Erste-Hilfe-Kurs-212x300.jpg 212w, https:\/\/www.auszeit-meyer.de\/wp-content\/uploads\/2023\/09\/Erste-Hilfe-Kurs-768x1086.jpg 768w, https:\/\/www.auszeit-meyer.de\/wp-content\/uploads\/2023\/09\/Erste-Hilfe-Kurs-1086x1536.jpg 1086w, https:\/\/www.auszeit-meyer.de\/wp-content\/uploads\/2023\/09\/Erste-Hilfe-Kurs.jpg 1190w\" sizes=\"(max-width: 724px) 100vw, 724px\" \/><\/figure>\n<\/div>\n<\/div>\n","protected":false},"excerpt":{"rendered":"<p>Die ersten drei Jahre eines Kindes sind zweifelsohne sehr aufregend, wundersch\u00f6n, tr\u00e4nenreich, lustig, schlaflos, anstrengend aber vor allem ein kleines&hellip;<\/p>\n","protected":false},"author":2,"featured_media":0,"parent":0,"menu_order":0,"comment_status":"closed","ping_status":"closed","template":"","meta":{"footnotes":""},"_links":{"self":[{"href":"https:\/\/www.auszeit-meyer.de\/index.php\/wp-json\/wp\/v2\/pages\/820"}],"collection":[{"href":"https:\/\/www.auszeit-meyer.de\/index.php\/wp-json\/wp\/v2\/pages"}],"about":[{"href":"https:\/\/www.auszeit-meyer.de\/index.php\/wp-json\/wp\/v2\/types\/page"}],"author":[{"embeddable":true,"href":"https:\/\/www.auszeit-meyer.de\/index.php\/wp-json\/wp\/v2\/users\/2"}],"replies":[{"embeddable":true,"href":"https:\/\/www.auszeit-meyer.de\/index.php\/wp-json\/wp\/v2\/comments?post=820"}],"version-history":[{"count":10,"href":"https:\/\/www.auszeit-meyer.de\/index.php\/wp-json\/wp\/v2\/pages\/820\/revisions"}],"predecessor-version":[{"id":923,"href":"https:\/\/www.auszeit-meyer.de\/index.php\/wp-json\/wp\/v2\/pages\/820\/revisions\/923"}],"wp:attachment":[{"href":"https:\/\/www.auszeit-meyer.de\/index.php\/wp-json\/wp\/v2\/media?parent=820"}],"curies":[{"name":"wp","href":"https:\/\/api.w.org\/{rel}","templated":true}]}}