{"id":844,"date":"2023-10-18T19:00:41","date_gmt":"2023-10-18T19:00:41","guid":{"rendered":"https:\/\/www.auszeit-meyer.de\/?page_id=844"},"modified":"2023-10-18T19:23:27","modified_gmt":"2023-10-18T19:23:27","slug":"babyzeit","status":"publish","type":"page","link":"https:\/\/www.auszeit-meyer.de\/index.php\/babyzeit\/","title":{"rendered":"Babyzeit"},"content":{"rendered":"\n<p class=\"has-medium-font-size\"><strong>Willkommen bei &#8222;Babyzeit&#8220; &#8211; Deinem Entwicklungsorientierten Eltern-Kind-Kurs f\u00fcr Babys von 6-12 Monaten.<\/strong><\/p>\n\n\n\n<div class=\"wp-block-columns is-layout-flex wp-container-core-columns-layout-1 wp-block-columns-is-layout-flex\">\n<div class=\"wp-block-column is-layout-flow wp-block-column-is-layout-flow\">\n<figure class=\"wp-block-image size-large\"><img decoding=\"async\" width=\"724\" height=\"1024\" src=\"https:\/\/www.auszeit-meyer.de\/wp-content\/uploads\/2023\/10\/Kopie-von-Babyzeit-2-724x1024.jpg\" alt=\"\" class=\"wp-image-848\" srcset=\"https:\/\/www.auszeit-meyer.de\/wp-content\/uploads\/2023\/10\/Kopie-von-Babyzeit-2-724x1024.jpg 724w, https:\/\/www.auszeit-meyer.de\/wp-content\/uploads\/2023\/10\/Kopie-von-Babyzeit-2-212x300.jpg 212w, https:\/\/www.auszeit-meyer.de\/wp-content\/uploads\/2023\/10\/Kopie-von-Babyzeit-2-768x1087.jpg 768w, https:\/\/www.auszeit-meyer.de\/wp-content\/uploads\/2023\/10\/Kopie-von-Babyzeit-2-1086x1536.jpg 1086w, https:\/\/www.auszeit-meyer.de\/wp-content\/uploads\/2023\/10\/Kopie-von-Babyzeit-2.jpg 1357w\" sizes=\"(max-width: 724px) 100vw, 724px\" \/><\/figure>\n<\/div>\n\n\n\n<div class=\"wp-block-column is-layout-flow wp-block-column-is-layout-flow\">\n<figure class=\"wp-block-image size-large\"><img decoding=\"async\" width=\"724\" height=\"1024\" src=\"https:\/\/www.auszeit-meyer.de\/wp-content\/uploads\/2023\/10\/Kopie-von-Babyzeit--724x1024.jpg\" alt=\"\" class=\"wp-image-845\" srcset=\"https:\/\/www.auszeit-meyer.de\/wp-content\/uploads\/2023\/10\/Kopie-von-Babyzeit--724x1024.jpg 724w, https:\/\/www.auszeit-meyer.de\/wp-content\/uploads\/2023\/10\/Kopie-von-Babyzeit--212x300.jpg 212w, https:\/\/www.auszeit-meyer.de\/wp-content\/uploads\/2023\/10\/Kopie-von-Babyzeit--768x1087.jpg 768w, https:\/\/www.auszeit-meyer.de\/wp-content\/uploads\/2023\/10\/Kopie-von-Babyzeit--1086x1536.jpg 1086w, https:\/\/www.auszeit-meyer.de\/wp-content\/uploads\/2023\/10\/Kopie-von-Babyzeit-.jpg 1357w\" sizes=\"(max-width: 724px) 100vw, 724px\" \/><\/figure>\n<\/div>\n\n\n\n<div class=\"wp-block-column is-layout-flow wp-block-column-is-layout-flow\">\n<figure class=\"wp-block-image size-large\"><img decoding=\"async\" width=\"724\" height=\"1024\" src=\"https:\/\/www.auszeit-meyer.de\/wp-content\/uploads\/2023\/10\/Kopie-von-Babyzeit-2-724x1024.jpg\" alt=\"\" class=\"wp-image-848\" srcset=\"https:\/\/www.auszeit-meyer.de\/wp-content\/uploads\/2023\/10\/Kopie-von-Babyzeit-2-724x1024.jpg 724w, https:\/\/www.auszeit-meyer.de\/wp-content\/uploads\/2023\/10\/Kopie-von-Babyzeit-2-212x300.jpg 212w, https:\/\/www.auszeit-meyer.de\/wp-content\/uploads\/2023\/10\/Kopie-von-Babyzeit-2-768x1087.jpg 768w, https:\/\/www.auszeit-meyer.de\/wp-content\/uploads\/2023\/10\/Kopie-von-Babyzeit-2-1086x1536.jpg 1086w, https:\/\/www.auszeit-meyer.de\/wp-content\/uploads\/2023\/10\/Kopie-von-Babyzeit-2.jpg 1357w\" sizes=\"(max-width: 724px) 100vw, 724px\" \/><\/figure>\n<\/div>\n<\/div>\n\n\n\n<p class=\"has-medium-font-size\">In der faszinierenden Phase zwischen 6 und 12 Monaten werden Babys zu kleinen Entdeckerinnen und Entdeckern, die die Welt um sich herum mit einer ungebremsten Neugier erforschen. <\/p>\n\n\n\n<p class=\"has-medium-font-size\">In meinem Kurs steht diese Neugier im Mittelpunkt und die kleinen Abenteuerer k\u00f6nnen auf spielerische Weise ihre Umgebung, ihre F\u00e4higkeiten und das Miteinander entdecken. Dabei achten wir auf die individuellen Bed\u00fcrfnisse und das Tempo jedes Kindes.<\/p>\n\n\n\n<p class=\"has-medium-font-size\"><strong>Die Beziehung zwischen Eltern und Kind<\/strong> ist von zentraler Bedeutung. In der Babyzeit schaffen wir eine vertrauensvolle Umgebung, in der die Bindung gest\u00e4rkt wird, und Eltern lernen, die Bed\u00fcrfnisse ihres Babys besser zu verstehen.<\/p>\n\n\n\n<p class=\"has-medium-font-size\"><strong>Singen, schief und krumm!<\/strong> Stell dir vor, es gibt keine Jury, die dir Punkte f\u00fcr deinen Gesang gibt. Bei uns darf und soll jeder mitsingen, ganz gleich, ob du den Ton triffst oder nicht. Ich glaube an die magische Verbindung zwischen Musik und Babys. Das Singen in unserer Gruppe f\u00f6rdert nicht nur die Kommunikation mit deinem Baby, sondern macht auch jede Menge Spa\u00df.<\/p>\n\n\n\n<p class=\"has-medium-font-size\"><strong>Du bist nicht allein<\/strong> in diesem Abenteuer! Der Austausch mit anderen Eltern ist ein wichtiger Teil von der Babyzeit. In meiner Gruppe findest du nicht nur Verst\u00e4ndnis und Unterst\u00fctzung, sondern auch eine Auszeit vom Alltag. <\/p>\n\n\n\n<p class=\"has-medium-font-size\">Als Kursleiterin stehe ich dir mit meinem Fachwissen und Erfahrung zur Seite.<\/p>\n\n\n\n<p class=\"has-medium-font-size\">Der Babyzeit-Kurs findet 1x pro Woche \u00fcber 6 Termine statt. Eine Kurseinheit umfasst ca 60 Minuten (je nachdem wie die Stimmung der Babys ist) und findet in der Kinderpsychotherapiepraxis Christina Wehleit in 27442 Gnarrenburg statt. Maximal 6 Babys.<\/p>\n\n\n\n<p class=\"has-medium-font-size\">Wenn du weitere Informationen \u00fcber meinen Eltern-Kind-Kurs Babyzeit ben\u00f6tigst oder dich anmelden m\u00f6chtest, z\u00f6gere nicht, mich zu kontaktieren. Ich bin hier, um dich und dein Baby auf dieser einzigartigen Reise zu begleiten und zu unterst\u00fctzen.<\/p>\n\n\n\n<div class=\"wp-block-buttons is-content-justification-center is-layout-flex wp-container-core-buttons-layout-1 wp-block-buttons-is-layout-flex\">\n<div class=\"wp-block-button has-custom-font-size has-medium-font-size\"><a class=\"wp-block-button__link wp-element-button\" href=\"https:\/\/www.auszeit-meyer.de\/index.php\/kontakt\/\">Kontaktformular<\/a><\/div>\n\n\n\n<div class=\"wp-block-button has-custom-font-size has-medium-font-size\"><a class=\"wp-block-button__link wp-element-button\" href=\"https:\/\/www.auszeit-meyer.de\/index.php\/aktuelle-termine\/\">aktuelle Termine<\/a><\/div>\n<\/div>\n","protected":false},"excerpt":{"rendered":"<p>Willkommen bei &#8222;Babyzeit&#8220; &#8211; Deinem Entwicklungsorientierten Eltern-Kind-Kurs f\u00fcr Babys von 6-12 Monaten. In der faszinierenden Phase zwischen 6 und 12&hellip;<\/p>\n","protected":false},"author":2,"featured_media":0,"parent":0,"menu_order":0,"comment_status":"closed","ping_status":"closed","template":"","meta":{"footnotes":""},"_links":{"self":[{"href":"https:\/\/www.auszeit-meyer.de\/index.php\/wp-json\/wp\/v2\/pages\/844"}],"collection":[{"href":"https:\/\/www.auszeit-meyer.de\/index.php\/wp-json\/wp\/v2\/pages"}],"about":[{"href":"https:\/\/www.auszeit-meyer.de\/index.php\/wp-json\/wp\/v2\/types\/page"}],"author":[{"embeddable":true,"href":"https:\/\/www.auszeit-meyer.de\/index.php\/wp-json\/wp\/v2\/users\/2"}],"replies":[{"embeddable":true,"href":"https:\/\/www.auszeit-meyer.de\/index.php\/wp-json\/wp\/v2\/comments?post=844"}],"version-history":[{"count":4,"href":"https:\/\/www.auszeit-meyer.de\/index.php\/wp-json\/wp\/v2\/pages\/844\/revisions"}],"predecessor-version":[{"id":857,"href":"https:\/\/www.auszeit-meyer.de\/index.php\/wp-json\/wp\/v2\/pages\/844\/revisions\/857"}],"wp:attachment":[{"href":"https:\/\/www.auszeit-meyer.de\/index.php\/wp-json\/wp\/v2\/media?parent=844"}],"curies":[{"name":"wp","href":"https:\/\/api.w.org\/{rel}","templated":true}]}}