{"id":855,"date":"2023-10-18T19:21:20","date_gmt":"2023-10-18T19:21:20","guid":{"rendered":"https:\/\/www.auszeit-meyer.de\/?page_id=855"},"modified":"2024-03-20T11:25:34","modified_gmt":"2024-03-20T11:25:34","slug":"spielzeit","status":"publish","type":"page","link":"https:\/\/www.auszeit-meyer.de\/index.php\/spielzeit\/","title":{"rendered":"Spielzeit"},"content":{"rendered":"\n<p class=\"has-medium-font-size\"><strong>Willkommen bei &#8222;Spielzeit&#8220; &#8211; Der Eltern-Kind-Kurs f\u00fcr kleine Entdecker im Alter von 12-18 Monaten!<\/strong><\/p>\n\n\n\n<div class=\"wp-block-columns is-layout-flex wp-container-core-columns-layout-1 wp-block-columns-is-layout-flex\">\n<div class=\"wp-block-column is-layout-flow wp-block-column-is-layout-flow\">\n<figure class=\"wp-block-image size-large\"><img decoding=\"async\" width=\"724\" height=\"1024\" src=\"https:\/\/www.auszeit-meyer.de\/wp-content\/uploads\/2023\/10\/Kopie-von-Babyzeit-5-724x1024.jpg\" alt=\"\" class=\"wp-image-860\" srcset=\"https:\/\/www.auszeit-meyer.de\/wp-content\/uploads\/2023\/10\/Kopie-von-Babyzeit-5-724x1024.jpg 724w, https:\/\/www.auszeit-meyer.de\/wp-content\/uploads\/2023\/10\/Kopie-von-Babyzeit-5-212x300.jpg 212w, https:\/\/www.auszeit-meyer.de\/wp-content\/uploads\/2023\/10\/Kopie-von-Babyzeit-5-768x1087.jpg 768w, https:\/\/www.auszeit-meyer.de\/wp-content\/uploads\/2023\/10\/Kopie-von-Babyzeit-5-1086x1536.jpg 1086w, https:\/\/www.auszeit-meyer.de\/wp-content\/uploads\/2023\/10\/Kopie-von-Babyzeit-5.jpg 1357w\" sizes=\"(max-width: 724px) 100vw, 724px\" \/><\/figure>\n<\/div>\n\n\n\n<div class=\"wp-block-column is-layout-flow wp-block-column-is-layout-flow\">\n<figure class=\"wp-block-image size-large\"><img decoding=\"async\" width=\"724\" height=\"1024\" src=\"https:\/\/www.auszeit-meyer.de\/wp-content\/uploads\/2023\/10\/Kopie-von-Babyzeit-3-724x1024.jpg\" alt=\"\" class=\"wp-image-861\" srcset=\"https:\/\/www.auszeit-meyer.de\/wp-content\/uploads\/2023\/10\/Kopie-von-Babyzeit-3-724x1024.jpg 724w, https:\/\/www.auszeit-meyer.de\/wp-content\/uploads\/2023\/10\/Kopie-von-Babyzeit-3-212x300.jpg 212w, https:\/\/www.auszeit-meyer.de\/wp-content\/uploads\/2023\/10\/Kopie-von-Babyzeit-3-768x1087.jpg 768w, https:\/\/www.auszeit-meyer.de\/wp-content\/uploads\/2023\/10\/Kopie-von-Babyzeit-3-1086x1536.jpg 1086w, https:\/\/www.auszeit-meyer.de\/wp-content\/uploads\/2023\/10\/Kopie-von-Babyzeit-3.jpg 1357w\" sizes=\"(max-width: 724px) 100vw, 724px\" \/><\/figure>\n<\/div>\n\n\n\n<div class=\"wp-block-column is-layout-flow wp-block-column-is-layout-flow\">\n<figure class=\"wp-block-image size-large\"><img decoding=\"async\" width=\"724\" height=\"1024\" src=\"https:\/\/www.auszeit-meyer.de\/wp-content\/uploads\/2023\/10\/Kopie-von-Babyzeit-4-724x1024.jpg\" alt=\"\" class=\"wp-image-862\" srcset=\"https:\/\/www.auszeit-meyer.de\/wp-content\/uploads\/2023\/10\/Kopie-von-Babyzeit-4-724x1024.jpg 724w, https:\/\/www.auszeit-meyer.de\/wp-content\/uploads\/2023\/10\/Kopie-von-Babyzeit-4-212x300.jpg 212w, https:\/\/www.auszeit-meyer.de\/wp-content\/uploads\/2023\/10\/Kopie-von-Babyzeit-4-768x1087.jpg 768w, https:\/\/www.auszeit-meyer.de\/wp-content\/uploads\/2023\/10\/Kopie-von-Babyzeit-4-1086x1536.jpg 1086w, https:\/\/www.auszeit-meyer.de\/wp-content\/uploads\/2023\/10\/Kopie-von-Babyzeit-4.jpg 1357w\" sizes=\"(max-width: 724px) 100vw, 724px\" \/><\/figure>\n<\/div>\n<\/div>\n\n\n\n<p class=\"has-medium-font-size\">Hier tauchen wir ein in die faszinierende Welt der Kleinkinder, die in dieser Phase ihres Lebens so viele wichtige Entwicklungsschritte durchlaufen. Dieser Kurs ist der perfekte Begleiter f\u00fcr dich und dein Kind, wenn ihr gemeinsam auf dieser spannenden Reise der Entdeckung und des Wachstums seid.<\/p>\n\n\n\n<p class=\"has-medium-font-size\"><strong>Erste Schritte in die Selbstst\u00e4ndigkeit:<\/strong> Dein Kind beginnt, die Welt mit eigenen Augen zu erkunden und zeigt die ersten Anzeichen von Unabh\u00e4ngigkeit. Die Spielzeit ist ein Ort um die richtige Balance zwischen N\u00e4he und Eigenst\u00e4ndigkeit zu finden.<\/p>\n\n\n\n<p class=\"has-medium-font-size\"><strong>Spielen, Lachen und Lernen:<\/strong> Spielen ist der Hauptberuf der Kleinkinder, und in meinem Kurs schaffe ich eine anregende Umgebung, in der die Fantasie deines Kindes aufbl\u00fchen kann. Hier wird gestapelt, gebaut, getanzt, gesungen und vor allem viel gelacht.<\/p>\n\n\n\n<p class=\"has-medium-font-size\"><strong>Erstes Spielen mit anderen Kindern:<\/strong> In der Gruppe bekommt dein Kind die M\u00f6glichkeit, mit Gleichaltrigen in Kontakt zu treten und soziale F\u00e4higkeiten zu entwickeln. Dies ist nicht nur f\u00fcr die Kleinen aufregend, sondern bietet auch dir die Gelegenheit, wertvolle Kontakte zu anderen Eltern zu kn\u00fcpfen.<\/p>\n\n\n\n<p class=\"has-medium-font-size\"><strong>Herausforderungen des Alltags:<\/strong> Eltern sein ist nicht immer ein Zuckerschlecken. Bei Spielzeit ist es v\u00f6llig in Ordnung, \u00fcber die H\u00f6hen und Tiefen des Elternseins zu sprechen und vor allem: Du bist nicht allein auf diesem Abenteuer! Der Kontakt mit anderen Eltern in der Gruppe erm\u00f6glicht nicht nur den Austausch von Erfahrungen, sondern schafft auch die M\u00f6glichkeit f\u00fcr echte Freundschaften, die \u00fcber den Kurs hinaus bestehen k\u00f6nnen.<\/p>\n\n\n\n<p class=\"has-medium-font-size\">Der Spielzeit-Kurs findet 1x pro Woche \u00fcber 6 Termine statt. Eine Kurseinheit umfasst ca 60 Minuten (je nachdem wie die Stimmung der Babys ist) und findet in der Kinderpsychotherapiepraxis Christina Wehleit in 27442 Gnarrenburg statt. Maximal 6 Kinder .<\/p>\n\n\n\n<p class=\"has-medium-font-size\">Meine Mission bei Spielzeit ist es, dich und dein Kind auf diesem aufregenden Entwicklungsweg zu begleiten. Eine Mischung aus Unterst\u00fctzung, Wissen und vor allem viel Spa\u00df. Melde dich an und sei Teil dieser einzigartigen Reise, auf der du nicht nur die Entwicklung deines Kindes, sondern auch deine eigene Reise als Elternteil entdecken wirst.<\/p>\n\n\n\n<p class=\"has-medium-font-size\">Wenn du weitere Informationen \u00fcber meinen Eltern-Kind-Kurs Spielzeit ben\u00f6tigst oder dich anmelden m\u00f6chtest, z\u00f6gere nicht, mich zu kontaktieren. Ich bin hier, um dich und dein Kind auf dieser einzigartigen Reise zu begleiten und zu unterst\u00fctzen.<\/p>\n\n\n\n<div class=\"wp-block-buttons is-content-justification-center is-layout-flex wp-container-core-buttons-layout-1 wp-block-buttons-is-layout-flex\">\n<div class=\"wp-block-button\"><a class=\"wp-block-button__link wp-element-button\" href=\"https:\/\/www.auszeit-meyer.de\/index.php\/kontakt\/\">Kontaktformular<\/a><\/div>\n\n\n\n<div class=\"wp-block-button\"><a class=\"wp-block-button__link wp-element-button\" href=\"https:\/\/www.auszeit-meyer.de\/index.php\/aktuelle-termine\/\">aktuelle Termine<\/a><\/div>\n<\/div>\n","protected":false},"excerpt":{"rendered":"<p>Willkommen bei &#8222;Spielzeit&#8220; &#8211; Der Eltern-Kind-Kurs f\u00fcr kleine Entdecker im Alter von 12-18 Monaten! Hier tauchen wir ein in die&hellip;<\/p>\n","protected":false},"author":2,"featured_media":0,"parent":0,"menu_order":0,"comment_status":"closed","ping_status":"closed","template":"","meta":{"footnotes":""},"_links":{"self":[{"href":"https:\/\/www.auszeit-meyer.de\/index.php\/wp-json\/wp\/v2\/pages\/855"}],"collection":[{"href":"https:\/\/www.auszeit-meyer.de\/index.php\/wp-json\/wp\/v2\/pages"}],"about":[{"href":"https:\/\/www.auszeit-meyer.de\/index.php\/wp-json\/wp\/v2\/types\/page"}],"author":[{"embeddable":true,"href":"https:\/\/www.auszeit-meyer.de\/index.php\/wp-json\/wp\/v2\/users\/2"}],"replies":[{"embeddable":true,"href":"https:\/\/www.auszeit-meyer.de\/index.php\/wp-json\/wp\/v2\/comments?post=855"}],"version-history":[{"count":4,"href":"https:\/\/www.auszeit-meyer.de\/index.php\/wp-json\/wp\/v2\/pages\/855\/revisions"}],"predecessor-version":[{"id":924,"href":"https:\/\/www.auszeit-meyer.de\/index.php\/wp-json\/wp\/v2\/pages\/855\/revisions\/924"}],"wp:attachment":[{"href":"https:\/\/www.auszeit-meyer.de\/index.php\/wp-json\/wp\/v2\/media?parent=855"}],"curies":[{"name":"wp","href":"https:\/\/api.w.org\/{rel}","templated":true}]}}