{"id":87,"date":"2021-12-12T15:17:04","date_gmt":"2021-12-12T15:17:04","guid":{"rendered":"https:\/\/www.auszeit-meyer.de\/?page_id=87"},"modified":"2023-09-06T07:03:23","modified_gmt":"2023-09-06T07:03:23","slug":"ueber-mich-johanna-meyer","status":"publish","type":"page","link":"https:\/\/www.auszeit-meyer.de\/index.php\/ueber-mich-johanna-meyer\/","title":{"rendered":"\u00dcber mich"},"content":{"rendered":"\n<div class=\"wp-block-columns is-layout-flex wp-container-core-columns-layout-1 wp-block-columns-is-layout-flex\">\n<div class=\"wp-block-column is-layout-flow wp-block-column-is-layout-flow\" style=\"flex-basis:50%\">\n<p class=\"has-medium-font-size\">Ich hei\u00dfe <strong>Johanna Meyer<\/strong> und bin Mama von zwei Kindern. Ich lebe mit meiner Familie in Gnarrenburg, genau zwischen Hamburg und Bremen.<\/p>\n<\/div>\n\n\n\n<div class=\"wp-block-column is-layout-flow wp-block-column-is-layout-flow\" style=\"flex-basis:50%\">\n<figure class=\"wp-block-image size-large is-resized\"><img decoding=\"async\" src=\"https:\/\/www.auszeit-meyer.de\/wp-content\/uploads\/2023\/01\/DSC_3581-edited.jpg\" alt=\"\" class=\"wp-image-653\" style=\"width:304px;height:202px\" width=\"304\" height=\"202\" srcset=\"https:\/\/www.auszeit-meyer.de\/wp-content\/uploads\/2023\/01\/DSC_3581-edited.jpg 1038w, https:\/\/www.auszeit-meyer.de\/wp-content\/uploads\/2023\/01\/DSC_3581-edited-300x200.jpg 300w, https:\/\/www.auszeit-meyer.de\/wp-content\/uploads\/2023\/01\/DSC_3581-edited-1024x684.jpg 1024w, https:\/\/www.auszeit-meyer.de\/wp-content\/uploads\/2023\/01\/DSC_3581-edited-768x513.jpg 768w\" sizes=\"(max-width: 304px) 100vw, 304px\" \/><\/figure>\n<\/div>\n<\/div>\n\n\n\n<p class=\"has-medium-font-size\">Meine gro\u00dfe Liebe gilt den B\u00fcchern und ich versinke gerne in fantasievollen und auch spannenden Geschichten. Deswegen habe ich 2008 den Beruf der Buchh\u00e4ndlerin gew\u00e4hlt. Ich habe mich zwischen den hohen B\u00fccherregalen immer heimisch gef\u00fchlt.<\/p>\n\n\n\n<p class=\"has-medium-font-size\">Durch die Geburt meines ersten Kindes 2015 habe ich f\u00fcr mich festgestellt, dass ich mir eine <strong>berufliche Ver\u00e4nderung<\/strong> w\u00fcnsche. Zum ersten Mal kamen <strong><a href=\"https:\/\/www.auszeit-meyer.de\/index.php\/aroma-lifestyle\/\">\u00e4therische \u00d6le in mein Leben<\/a><\/strong> und haben es nachhaltig ver\u00e4ndert.<\/p>\n\n\n\n<p class=\"has-medium-font-size\">Ich habe angefangen die \u00d6le in unserem Alltag anzuwenden. Lavendel abends zum Einschlafen und Pfefferminze um den Kopf wieder frei zubekommen. Und dann fing ich an, meinen Mitmenschen davon zu erz\u00e4hlen.<\/p>\n\n\n\n<p class=\"has-medium-font-size\">Anfangs habe ich ihnen nur die kleinen Fl\u00e4schchen unter die Nase gehalten und begeistert von meinen Erfahrungen erz\u00e4hlt. Sp\u00e4ter haben sich dann Abende entwickelt, an denen ich kleine alltagstaugliche Wellnessanwendungen zeige. Gemeinsam probieren wir alles aus, entspannen dabei und haben einfach einen sch\u00f6nen Abend. <a href=\"https:\/\/www.auszeit-meyer.de\/index.php\/auszeitabend\/\"><strong>Meine Auszeit-Abende<\/strong>!<\/a><\/p>\n\n\n\n<p class=\"has-medium-font-size\">Aus Neugierde habe ich dann eine Fortbildung f\u00fcr die <strong><a href=\"https:\/\/www.auszeit-meyer.de\/index.php\/fussreflexzonen-anwendung\/\">Fu\u00dfreflexzonen-Anwendung<\/a><\/strong> mit \u00e4therischen \u00d6len gemacht und festgestellt, dass Massagen meine neue Leidenschaft sind.<\/p>\n\n\n\n<p class=\"has-medium-font-size\">Es folgten die Fortbildung f\u00fcr die <strong><a href=\"https:\/\/www.auszeit-meyer.de\/index.php\/aromaoel-massage\/\">klassische Wellnessmassage<\/a> <\/strong>und die<strong> Raindrop-Technique<\/strong>.<\/p>\n\n\n\n<p class=\"has-medium-font-size\">Um auch die Kleinsten in unserer Runde zu verw\u00f6hnen, habe ich noch eine Ausbildung zur <strong><a href=\"https:\/\/www.auszeit-meyer.de\/index.php\/babymassage-kurs\/\">Kursleiterin f\u00fcr systemisch-ganzheitliche Babymassage<\/a><\/strong> abgeschlossen. In diesen Kursen zeige ich den M\u00fcttern und V\u00e4tern, wie sie mit einfachen Massagegriffen ihrem Baby Entspannung schenken k\u00f6nnen. Und bei kleineren Beschwerden sie bestm\u00f6glich unterst\u00fctzen k\u00f6nnen. Gleichzeitig finden aber auch die Eltern hier eine kleine Ruhepause durch Entspannungs\u00fcbungen, Selbstf\u00fcrsorge und Achtsamkeit. <\/p>\n\n\n\n<p class=\"has-medium-font-size\">Im August 2023 habe ich zus\u00e4tzlich noch die Ausbildung zur Eltern-Kind-Kursleitung absolviert und freue mich sehr nun noch mehr mit Babys, Kleinkindern und ihren Eltern arbeiten zu d\u00fcrfen.<\/p>\n\n\n\n<p class=\"has-text-align-center has-medium-font-size\"><strong>Ich freue mich dich kennenzulernen!<\/strong><\/p>\n\n\n\n<h3 class=\"wp-block-heading has-text-align-center\" style=\"font-style:italic;font-weight:100\">Johanna Meyer<\/h3>\n","protected":false},"excerpt":{"rendered":"<p>Ich hei\u00dfe Johanna Meyer und bin Mama von zwei Kindern. Ich lebe mit meiner Familie in Gnarrenburg, genau zwischen Hamburg&hellip;<\/p>\n","protected":false},"author":2,"featured_media":0,"parent":0,"menu_order":0,"comment_status":"closed","ping_status":"closed","template":"","meta":{"footnotes":""},"_links":{"self":[{"href":"https:\/\/www.auszeit-meyer.de\/index.php\/wp-json\/wp\/v2\/pages\/87"}],"collection":[{"href":"https:\/\/www.auszeit-meyer.de\/index.php\/wp-json\/wp\/v2\/pages"}],"about":[{"href":"https:\/\/www.auszeit-meyer.de\/index.php\/wp-json\/wp\/v2\/types\/page"}],"author":[{"embeddable":true,"href":"https:\/\/www.auszeit-meyer.de\/index.php\/wp-json\/wp\/v2\/users\/2"}],"replies":[{"embeddable":true,"href":"https:\/\/www.auszeit-meyer.de\/index.php\/wp-json\/wp\/v2\/comments?post=87"}],"version-history":[{"count":19,"href":"https:\/\/www.auszeit-meyer.de\/index.php\/wp-json\/wp\/v2\/pages\/87\/revisions"}],"predecessor-version":[{"id":803,"href":"https:\/\/www.auszeit-meyer.de\/index.php\/wp-json\/wp\/v2\/pages\/87\/revisions\/803"}],"wp:attachment":[{"href":"https:\/\/www.auszeit-meyer.de\/index.php\/wp-json\/wp\/v2\/media?parent=87"}],"curies":[{"name":"wp","href":"https:\/\/api.w.org\/{rel}","templated":true}]}}